{"id":4692,"date":"2023-02-24T16:20:46","date_gmt":"2023-02-24T16:20:46","guid":{"rendered":"https:\/\/adabla.com\/?post_type=product&#038;p=4692"},"modified":"2023-02-24T16:51:55","modified_gmt":"2023-02-24T16:51:55","slug":"the-divine-shampoo-kabod-aloe-vera-150ml","status":"publish","type":"product","link":"https:\/\/adabla.com\/en\/product\/the-divine-shampoo-kabod-aloe-vera-150ml\/","title":{"rendered":"The Divine Detangle &#8211; 150ml"},"content":{"rendered":"<p>The Divine Detangle Kabod est un produit d\u00e9m\u00ealant, id\u00e9al pour tous types de cheveux ,Organique, Adoucissant et ajoute du volume \u00e0 vos cheveux.<\/p>","protected":false},"excerpt":{"rendered":"<p>The Divine Detangle Kabod est un produit d\u00e9m\u00ealant, id\u00e9al pour tous types de cheveux ,Organique, Adoucissant et ajoute du volume \u00e0 vos cheveux.<\/p>","protected":false},"featured_media":4683,"comment_status":"open","ping_status":"closed","template":"","meta":{"_acf_changed":false},"product_cat":[120,211],"product_tag":[],"class_list":{"0":"post-4692","1":"product","2":"type-product","3":"status-publish","4":"has-post-thumbnail","6":"product_cat-cosmetiques","7":"product_cat-soins-cheuveux","9":"first","10":"instock","11":"shipping-taxable","12":"purchasable","13":"product-type-simple"},"aioseo_notices":[],"acf":[],"_links":{"self":[{"href":"https:\/\/adabla.com\/en\/wp-json\/wp\/v2\/product\/4692","targetHints":{"allow":["GET"]}}],"collection":[{"href":"https:\/\/adabla.com\/en\/wp-json\/wp\/v2\/product"}],"about":[{"href":"https:\/\/adabla.com\/en\/wp-json\/wp\/v2\/types\/product"}],"replies":[{"embeddable":true,"href":"https:\/\/adabla.com\/en\/wp-json\/wp\/v2\/comments?post=4692"}],"wp:featuredmedia":[{"embeddable":true,"href":"https:\/\/adabla.com\/en\/wp-json\/wp\/v2\/media\/4683"}],"wp:attachment":[{"href":"https:\/\/adabla.com\/en\/wp-json\/wp\/v2\/media?parent=4692"}],"wp:term":[{"taxonomy":"product_cat","embeddable":true,"href":"https:\/\/adabla.com\/en\/wp-json\/wp\/v2\/product_cat?post=4692"},{"taxonomy":"product_tag","embeddable":true,"href":"https:\/\/adabla.com\/en\/wp-json\/wp\/v2\/product_tag?post=4692"}],"curies":[{"name":"wp","href":"https:\/\/api.w.org\/{rel}","templated":true}]}}