{"id":5442,"date":"2025-09-06T22:24:41","date_gmt":"2025-09-06T22:24:41","guid":{"rendered":"https:\/\/adabla.com\/?post_type=product&#038;p=5442"},"modified":"2025-10-01T07:13:22","modified_gmt":"2025-10-01T07:13:22","slug":"mais-blanc-quantite-4-tonnes","status":"publish","type":"product","link":"https:\/\/adabla.com\/en\/product\/mais-blanc-quantite-4-tonnes\/","title":{"rendered":"Ma\u00efs Blanc \u2013 Quantit\u00e9 : 4 Tonnes"},"content":{"rendered":"<p data-start=\"91\" data-end=\"132\"><strong data-start=\"94\" data-end=\"130\">Ma\u00efs Blanc \u2013 Quantit\u00e9 : 4 Tonnes<\/strong><\/p>\n<p data-start=\"134\" data-end=\"292\">Offrez-vous un ma\u00efs blanc de <strong data-start=\"163\" data-end=\"185\">qualit\u00e9 sup\u00e9rieure<\/strong>, soigneusement s\u00e9lectionn\u00e9 pour r\u00e9pondre aux exigences des transformateurs, grossistes et distributeurs.<\/p>\n<p data-start=\"294\" data-end=\"576\">\u2705 <strong data-start=\"296\" data-end=\"342\">Propre, bien s\u00e9ch\u00e9 et pr\u00eat \u00e0 l\u2019exportation<\/strong><br data-start=\"342\" data-end=\"345\">\u2705 Id\u00e9al pour la transformation agroalimentaire (semoule, farine, alimentation animale\u2026)<br data-start=\"432\" data-end=\"435\">\u2705 Conditionnement en sacs r\u00e9sistants pour une meilleure conservation<br data-start=\"503\" data-end=\"506\">\u2705 Provenance locale, soutenant directement les producteurs ivoiriens<\/p>\n<p data-start=\"578\" data-end=\"653\">\ud83d\udcbc <strong data-start=\"581\" data-end=\"615\">Quantit\u00e9 disponible : 4 tonnes<\/strong> \u2013 parfait pour vos besoins en gros.<\/p>\n<p data-start=\"578\" data-end=\"653\">Produit disdponible a TAFIRE DANS LE HAMBOL<\/p>","protected":false},"excerpt":{"rendered":"<p data-start=\"91\" data-end=\"189\"><strong data-start=\"94\" data-end=\"145\">Ma\u00efs blanc disponible d\u00e8s maintenant \u00e0 Tafir\u00e9 !<\/strong><br data-start=\"145\" data-end=\"148\">Quantit\u00e9 importante, qualit\u00e9 garantie \u2705<\/p>\n<p data-start=\"191\" data-end=\"361\">\ud83d\ude9a Livraison possible <strong data-start=\"213\" data-end=\"241\">partout en C\u00f4te d\u2019Ivoire<\/strong> (frais \u00e0 la charge du client).<br data-start=\"272\" data-end=\"275\">Profitez d\u2019un approvisionnement rapide et s\u00fbr pour vos besoins en gros ou en d\u00e9tail.<\/p>\n<p data-start=\"363\" data-end=\"454\"><strong data-start=\"366\" data-end=\"452\">Prosez votre prix\u00a0 d\u00e8s aujourd\u2019hui votre stock et assurez votre disponibilit\u00e9 sans rupture !<\/strong><\/p>","protected":false},"featured_media":5138,"comment_status":"open","ping_status":"closed","template":"","meta":{"_acf_changed":false},"product_cat":[118],"product_tag":[],"class_list":{"0":"post-5442","1":"product","2":"type-product","3":"status-publish","4":"has-post-thumbnail","6":"product_cat-nourriture","7":"product_shipping_class-lourd","9":"first","10":"instock","11":"sold-individually","12":"shipping-taxable","13":"product-type-auction"},"aioseo_notices":[],"acf":[],"_links":{"self":[{"href":"https:\/\/adabla.com\/en\/wp-json\/wp\/v2\/product\/5442","targetHints":{"allow":["GET"]}}],"collection":[{"href":"https:\/\/adabla.com\/en\/wp-json\/wp\/v2\/product"}],"about":[{"href":"https:\/\/adabla.com\/en\/wp-json\/wp\/v2\/types\/product"}],"replies":[{"embeddable":true,"href":"https:\/\/adabla.com\/en\/wp-json\/wp\/v2\/comments?post=5442"}],"wp:featuredmedia":[{"embeddable":true,"href":"https:\/\/adabla.com\/en\/wp-json\/wp\/v2\/media\/5138"}],"wp:attachment":[{"href":"https:\/\/adabla.com\/en\/wp-json\/wp\/v2\/media?parent=5442"}],"wp:term":[{"taxonomy":"product_cat","embeddable":true,"href":"https:\/\/adabla.com\/en\/wp-json\/wp\/v2\/product_cat?post=5442"},{"taxonomy":"product_tag","embeddable":true,"href":"https:\/\/adabla.com\/en\/wp-json\/wp\/v2\/product_tag?post=5442"}],"curies":[{"name":"wp","href":"https:\/\/api.w.org\/{rel}","templated":true}]}}