{"id":5802,"date":"2025-10-28T21:56:40","date_gmt":"2025-10-28T21:56:40","guid":{"rendered":"https:\/\/adabla.com\/product\/melange-pour-gboflotos\/"},"modified":"2025-10-28T21:58:21","modified_gmt":"2025-10-28T21:58:21","slug":"melange-pour-gboflotos","status":"publish","type":"product","link":"https:\/\/adabla.com\/en\/product\/melange-pour-gboflotos\/","title":{"rendered":"M\u00e9lange pour Gboflotos"},"content":{"rendered":"<blockquote>\n<p style=\"text-align: center\" data-mce-style=\"text-align: center;\">Vous aimez les Gboflotos ce m\u00e9lange pr\u00eat utilisation vous facilitera \u00e0 coup s\u00fbr la t\u00e2che<\/p>\n<p>Ingr\u00e9dients bl\u00e9, levure, sucre, ar\u00f4mes naturel.<\/p>\n<\/blockquote>","protected":false},"excerpt":{"rendered":"<p>Vous aimez les Gboflotos ce m\u00e9lange pr\u00eat \u00e0 utilisation vous facilitera \u00e0 coup s\u00fbr la t\u00e2che.\u00a0<\/p>","protected":false},"featured_media":5800,"comment_status":"open","ping_status":"closed","template":"","meta":{"_acf_changed":false},"product_cat":[118],"product_tag":[340,341],"class_list":{"0":"post-5802","1":"product","2":"type-product","3":"status-publish","4":"has-post-thumbnail","6":"product_cat-nourriture","7":"product_tag-beignets","8":"product_tag-gboflotos","10":"first","11":"instock","12":"shipping-taxable","13":"purchasable","14":"product-type-simple"},"aioseo_notices":[],"acf":[],"_links":{"self":[{"href":"https:\/\/adabla.com\/en\/wp-json\/wp\/v2\/product\/5802","targetHints":{"allow":["GET"]}}],"collection":[{"href":"https:\/\/adabla.com\/en\/wp-json\/wp\/v2\/product"}],"about":[{"href":"https:\/\/adabla.com\/en\/wp-json\/wp\/v2\/types\/product"}],"replies":[{"embeddable":true,"href":"https:\/\/adabla.com\/en\/wp-json\/wp\/v2\/comments?post=5802"}],"wp:featuredmedia":[{"embeddable":true,"href":"https:\/\/adabla.com\/en\/wp-json\/wp\/v2\/media\/5800"}],"wp:attachment":[{"href":"https:\/\/adabla.com\/en\/wp-json\/wp\/v2\/media?parent=5802"}],"wp:term":[{"taxonomy":"product_cat","embeddable":true,"href":"https:\/\/adabla.com\/en\/wp-json\/wp\/v2\/product_cat?post=5802"},{"taxonomy":"product_tag","embeddable":true,"href":"https:\/\/adabla.com\/en\/wp-json\/wp\/v2\/product_tag?post=5802"}],"curies":[{"name":"wp","href":"https:\/\/api.w.org\/{rel}","templated":true}]}}