{"id":851,"date":"2021-09-18T11:58:13","date_gmt":"2021-09-18T11:58:13","guid":{"rendered":"https:\/\/adabla.com\/product\/epices-yebesse-saveur-viande\/"},"modified":"2025-08-27T15:25:59","modified_gmt":"2025-08-27T15:25:59","slug":"epices-yebesse-saveur-viande","status":"publish","type":"product","link":"https:\/\/adabla.com\/en\/product\/epices-yebesse-saveur-viande\/","title":{"rendered":"Epices Y\u00e9b\u00e9ss\u00e9 Saveur viande"},"content":{"rendered":"<p><a href=\"https:\/\/adabla.com\/wp-content\/uploads\/2022\/04\/IMG-20220412-WA0026-1.jpg\" data-mce-href=\"https:\/\/adabla.com\/wp-content\/uploads\/2022\/04\/IMG-20220412-WA0026-1.jpg\"><img loading=\"lazy\" decoding=\"async\" class=\"alignnone size-medium wp-image-2354\" src=\"https:\/\/adabla.com\/wp-content\/uploads\/2022\/04\/IMG-20220412-WA0026-1-318x400.jpg\" alt=\"\" width=\"318\" height=\"400\" data-mce-src=\"https:\/\/adabla.com\/wp-content\/uploads\/2022\/04\/IMG-20220412-WA0026-1-318x400.jpg\" srcset=\"https:\/\/adabla.com\/wp-content\/uploads\/2022\/04\/IMG-20220412-WA0026-1-318x400.jpg 318w, https:\/\/adabla.com\/wp-content\/uploads\/2022\/04\/IMG-20220412-WA0026-1-510x641.jpg 510w, https:\/\/adabla.com\/wp-content\/uploads\/2022\/04\/IMG-20220412-WA0026-1-636x800.jpg 636w, https:\/\/adabla.com\/wp-content\/uploads\/2022\/04\/IMG-20220412-WA0026-1-10x12.jpg 10w, https:\/\/adabla.com\/wp-content\/uploads\/2022\/04\/IMG-20220412-WA0026-1.jpg 668w\" sizes=\"auto, (max-width: 318px) 100vw, 318px\" \/><\/a><\/p>","protected":false},"excerpt":{"rendered":"<p style=\"text-align: center\" data-mce-style=\"text-align: center;\">Oignon , viande , Ail , piment , gingembre\u00a0 et L&rsquo;huile de palme.<\/p>\n<ol>\n<li>Sans conservateur , Bio\u00a0<\/li>\n<li>Piment de table d\u00e9j\u00e0 pr\u00e8s \u00e0 \u00eatre consomm\u00e9\u00a0<\/li>\n<\/ol>","protected":false},"featured_media":2347,"comment_status":"open","ping_status":"closed","template":"","meta":{"_acf_changed":false},"product_cat":[163,118,222],"product_tag":[],"class_list":{"0":"post-851","1":"product","2":"type-product","3":"status-publish","4":"has-post-thumbnail","6":"product_cat-epices","7":"product_cat-nourriture","8":"product_cat-sauce","9":"product_shipping_class-moyen","11":"first","12":"instock","13":"shipping-taxable","14":"purchasable","15":"product-type-variable"},"aioseo_notices":[],"acf":[],"_links":{"self":[{"href":"https:\/\/adabla.com\/en\/wp-json\/wp\/v2\/product\/851","targetHints":{"allow":["GET"]}}],"collection":[{"href":"https:\/\/adabla.com\/en\/wp-json\/wp\/v2\/product"}],"about":[{"href":"https:\/\/adabla.com\/en\/wp-json\/wp\/v2\/types\/product"}],"replies":[{"embeddable":true,"href":"https:\/\/adabla.com\/en\/wp-json\/wp\/v2\/comments?post=851"}],"wp:featuredmedia":[{"embeddable":true,"href":"https:\/\/adabla.com\/en\/wp-json\/wp\/v2\/media\/2347"}],"wp:attachment":[{"href":"https:\/\/adabla.com\/en\/wp-json\/wp\/v2\/media?parent=851"}],"wp:term":[{"taxonomy":"product_cat","embeddable":true,"href":"https:\/\/adabla.com\/en\/wp-json\/wp\/v2\/product_cat?post=851"},{"taxonomy":"product_tag","embeddable":true,"href":"https:\/\/adabla.com\/en\/wp-json\/wp\/v2\/product_tag?post=851"}],"curies":[{"name":"wp","href":"https:\/\/api.w.org\/{rel}","templated":true}]}}