{"id":934,"date":"2021-09-18T14:52:46","date_gmt":"2021-09-18T14:52:46","guid":{"rendered":"https:\/\/adabla.com\/product\/savon-visage\/"},"modified":"2022-07-10T10:37:15","modified_gmt":"2022-07-10T10:37:15","slug":"savon-visage","status":"publish","type":"product","link":"https:\/\/adabla.com\/en\/product\/savon-visage\/","title":{"rendered":"SAVON VISAGE"},"content":{"rendered":"<p><\/p>","protected":false},"excerpt":{"rendered":"<p>Savon \u00e9limine les acn\u00e9s s\u00e9v\u00e8res et r\u00e8gle les impuret\u00e9s du visage\u00a0<\/p>","protected":false},"featured_media":907,"comment_status":"open","ping_status":"closed","template":"","meta":{"_acf_changed":false},"product_cat":[114,120,123,124],"product_tag":[],"class_list":{"0":"post-934","1":"product","2":"type-product","3":"status-publish","4":"has-post-thumbnail","6":"product_cat-beaute","7":"product_cat-cosmetiques","8":"product_cat-savons","9":"product_cat-soins-gommants","10":"product_shipping_class-moyen","12":"first","13":"instock","14":"shipping-taxable","15":"purchasable","16":"product-type-simple"},"aioseo_notices":[],"acf":[],"_links":{"self":[{"href":"https:\/\/adabla.com\/en\/wp-json\/wp\/v2\/product\/934","targetHints":{"allow":["GET"]}}],"collection":[{"href":"https:\/\/adabla.com\/en\/wp-json\/wp\/v2\/product"}],"about":[{"href":"https:\/\/adabla.com\/en\/wp-json\/wp\/v2\/types\/product"}],"replies":[{"embeddable":true,"href":"https:\/\/adabla.com\/en\/wp-json\/wp\/v2\/comments?post=934"}],"wp:featuredmedia":[{"embeddable":true,"href":"https:\/\/adabla.com\/en\/wp-json\/wp\/v2\/media\/907"}],"wp:attachment":[{"href":"https:\/\/adabla.com\/en\/wp-json\/wp\/v2\/media?parent=934"}],"wp:term":[{"taxonomy":"product_cat","embeddable":true,"href":"https:\/\/adabla.com\/en\/wp-json\/wp\/v2\/product_cat?post=934"},{"taxonomy":"product_tag","embeddable":true,"href":"https:\/\/adabla.com\/en\/wp-json\/wp\/v2\/product_tag?post=934"}],"curies":[{"name":"wp","href":"https:\/\/api.w.org\/{rel}","templated":true}]}}