{"id":949,"date":"2021-09-19T01:53:31","date_gmt":"2021-09-19T01:53:31","guid":{"rendered":"https:\/\/adabla.com\/product\/karite-citron\/"},"modified":"2022-07-10T10:37:14","modified_gmt":"2022-07-10T10:37:14","slug":"karite-citron","status":"publish","type":"product","link":"https:\/\/adabla.com\/en\/product\/karite-citron\/","title":{"rendered":"KARIT\u00c9 CITRON"},"content":{"rendered":"<p style=\"text-align: left\" data-mce-style=\"text-align: left;\"><\/p>","protected":false},"excerpt":{"rendered":"<p>Cr\u00e8me karit\u00e9 au citron , efficace contre les peau s\u00e8che et les rougeurs.<\/p>","protected":false},"featured_media":915,"comment_status":"open","ping_status":"closed","template":"","meta":{"_acf_changed":false},"product_cat":[132,114,127,120,129,115,130],"product_tag":[],"class_list":{"0":"post-949","1":"product","2":"type-product","3":"status-publish","4":"has-post-thumbnail","6":"product_cat-bains-soins-de-peau","7":"product_cat-beaute","8":"product_cat-beu-rre-de-karite","9":"product_cat-cosmetiques","10":"product_cat-cremes","11":"product_cat-enfants","12":"product_cat-soins-hydratents","13":"product_shipping_class-moyen","15":"first","16":"instock","17":"shipping-taxable","18":"purchasable","19":"product-type-simple"},"aioseo_notices":[],"acf":[],"_links":{"self":[{"href":"https:\/\/adabla.com\/en\/wp-json\/wp\/v2\/product\/949","targetHints":{"allow":["GET"]}}],"collection":[{"href":"https:\/\/adabla.com\/en\/wp-json\/wp\/v2\/product"}],"about":[{"href":"https:\/\/adabla.com\/en\/wp-json\/wp\/v2\/types\/product"}],"replies":[{"embeddable":true,"href":"https:\/\/adabla.com\/en\/wp-json\/wp\/v2\/comments?post=949"}],"wp:featuredmedia":[{"embeddable":true,"href":"https:\/\/adabla.com\/en\/wp-json\/wp\/v2\/media\/915"}],"wp:attachment":[{"href":"https:\/\/adabla.com\/en\/wp-json\/wp\/v2\/media?parent=949"}],"wp:term":[{"taxonomy":"product_cat","embeddable":true,"href":"https:\/\/adabla.com\/en\/wp-json\/wp\/v2\/product_cat?post=949"},{"taxonomy":"product_tag","embeddable":true,"href":"https:\/\/adabla.com\/en\/wp-json\/wp\/v2\/product_tag?post=949"}],"curies":[{"name":"wp","href":"https:\/\/api.w.org\/{rel}","templated":true}]}}