{"id":996,"date":"2021-09-22T10:58:49","date_gmt":"2021-09-22T10:58:49","guid":{"rendered":"https:\/\/adabla.com\/product\/epices-yebesse-saveur-poisson\/"},"modified":"2025-08-27T15:25:59","modified_gmt":"2025-08-27T15:25:59","slug":"epices-yebesse-saveur-poisson","status":"publish","type":"product","link":"https:\/\/adabla.com\/en\/product\/epices-yebesse-saveur-poisson\/","title":{"rendered":"Epices Y\u00e9b\u00e9ss\u00e9 Saveur Poisson"},"content":{"rendered":"<p><a href=\"https:\/\/adabla.com\/wp-content\/uploads\/2022\/04\/IMG-20220412-WA0026.jpg\" data-mce-href=\"https:\/\/adabla.com\/wp-content\/uploads\/2022\/04\/IMG-20220412-WA0026.jpg\"><img loading=\"lazy\" decoding=\"async\" class=\"alignnone size-medium wp-image-2353\" src=\"https:\/\/adabla.com\/wp-content\/uploads\/2022\/04\/IMG-20220412-WA0026-318x400.jpg\" alt=\"\" width=\"318\" height=\"400\" data-mce-src=\"https:\/\/adabla.com\/wp-content\/uploads\/2022\/04\/IMG-20220412-WA0026-318x400.jpg\" srcset=\"https:\/\/adabla.com\/wp-content\/uploads\/2022\/04\/IMG-20220412-WA0026-318x400.jpg 318w, https:\/\/adabla.com\/wp-content\/uploads\/2022\/04\/IMG-20220412-WA0026-510x641.jpg 510w, https:\/\/adabla.com\/wp-content\/uploads\/2022\/04\/IMG-20220412-WA0026-636x800.jpg 636w, https:\/\/adabla.com\/wp-content\/uploads\/2022\/04\/IMG-20220412-WA0026-10x12.jpg 10w, https:\/\/adabla.com\/wp-content\/uploads\/2022\/04\/IMG-20220412-WA0026.jpg 668w\" sizes=\"auto, (max-width: 318px) 100vw, 318px\" \/><\/a><\/p>","protected":false},"excerpt":{"rendered":"<p>Oignon , Piment , Poisson s\u00e8ch\u00e9s, gingembre et l&rsquo;huile de palme.<\/p>\n<ol>\n<li>Sans conservateur , Bio\u00a0<\/li>\n<li>Piment de table d\u00e9j\u00e0 pr\u00e8s \u00e0 \u00eatre consomm\u00e9\u00a0<\/li>\n<\/ol>","protected":false},"featured_media":2343,"comment_status":"open","ping_status":"closed","template":"","meta":{"_acf_changed":false},"product_cat":[163,118,222],"product_tag":[],"class_list":{"0":"post-996","1":"product","2":"type-product","3":"status-publish","4":"has-post-thumbnail","6":"product_cat-epices","7":"product_cat-nourriture","8":"product_cat-sauce","10":"first","11":"instock","12":"shipping-taxable","13":"purchasable","14":"product-type-variable"},"aioseo_notices":[],"acf":[],"_links":{"self":[{"href":"https:\/\/adabla.com\/en\/wp-json\/wp\/v2\/product\/996","targetHints":{"allow":["GET"]}}],"collection":[{"href":"https:\/\/adabla.com\/en\/wp-json\/wp\/v2\/product"}],"about":[{"href":"https:\/\/adabla.com\/en\/wp-json\/wp\/v2\/types\/product"}],"replies":[{"embeddable":true,"href":"https:\/\/adabla.com\/en\/wp-json\/wp\/v2\/comments?post=996"}],"wp:featuredmedia":[{"embeddable":true,"href":"https:\/\/adabla.com\/en\/wp-json\/wp\/v2\/media\/2343"}],"wp:attachment":[{"href":"https:\/\/adabla.com\/en\/wp-json\/wp\/v2\/media?parent=996"}],"wp:term":[{"taxonomy":"product_cat","embeddable":true,"href":"https:\/\/adabla.com\/en\/wp-json\/wp\/v2\/product_cat?post=996"},{"taxonomy":"product_tag","embeddable":true,"href":"https:\/\/adabla.com\/en\/wp-json\/wp\/v2\/product_tag?post=996"}],"curies":[{"name":"wp","href":"https:\/\/api.w.org\/{rel}","templated":true}]}}